{"id":1314,"date":"2025-07-14T13:47:27","date_gmt":"2025-07-14T13:47:27","guid":{"rendered":"https:\/\/data-coeur.com\/1314-2\/"},"modified":"2025-11-27T15:12:25","modified_gmt":"2025-11-27T15:12:25","slug":"1314-2","status":"publish","type":"page","link":"https:\/\/data-coeur.com\/en\/","title":{"rendered":"Home"},"content":{"rendered":"\t\t<div data-elementor-type=\"wp-page\" data-elementor-id=\"1314\" class=\"elementor elementor-1314 elementor-55\" data-elementor-post-type=\"page\">\n\t\t\t\t<div class=\"elementor-element elementor-element-5ebcc60 e-con-full e-flex e-con e-parent\" data-id=\"5ebcc60\" data-element_type=\"container\">\n\t\t\t\t<div class=\"elementor-element elementor-element-f522f7f elementor-widget__width-inherit animated-slow elementor-widget elementor-widget-video\" data-id=\"f522f7f\" data-element_type=\"widget\" data-settings=\"{&quot;video_type&quot;:&quot;hosted&quot;,&quot;autoplay&quot;:&quot;yes&quot;,&quot;play_on_mobile&quot;:&quot;yes&quot;,&quot;mute&quot;:&quot;yes&quot;,&quot;loop&quot;:&quot;yes&quot;,&quot;_animation&quot;:&quot;none&quot;,&quot;controls&quot;:&quot;yes&quot;}\" data-widget_type=\"video.default\">\n\t\t\t\t\t\t\t<div class=\"e-hosted-video elementor-wrapper elementor-open-inline\">\n\t\t\t\t\t<video class=\"elementor-video\" src=\"http:\/\/data-coeur.com\/wp-content\/uploads\/2025\/08\/Drone-St-Philibert_court-1.mp4\" autoplay=\"\" loop=\"\" controls=\"\" muted=\"muted\" playsinline=\"\" controlsList=\"nodownload\"><\/video>\n\t\t\t\t<\/div>\n\t\t\t\t\t\t<\/div>\n\t\t\t\t<\/div>\n\t\t<div class=\"elementor-element elementor-element-a5b5daf e-flex e-con-boxed e-con e-parent\" data-id=\"a5b5daf\" data-element_type=\"container\" data-settings=\"{&quot;position&quot;:&quot;absolute&quot;}\">\n\t\t\t\t\t<div class=\"e-con-inner\">\n\t\t\t\t<div class=\"elementor-element elementor-element-93987cb elementor-widget__width-inherit elementor-widget elementor-widget-text-editor\" data-id=\"93987cb\" data-element_type=\"widget\" data-widget_type=\"text-editor.default\">\n\t\t\t\t\t\t\t\t\t<h3><span style=\"color: #d4d4d4;\">DataCoeur<\/span><\/h3>\n<h4><span style=\"color: #d4d4d4;\"><em>(Data Arrhythmia Technology and Cardio-vascular Imaging) <\/em><\/span><\/h4>\n<h3><span style=\"color: #d4d4d4;\">&nbsp;At the Heart of Innovation<\/span><\/h3>\t\t\t\t\t\t\t\t<\/div>\n\t\t\t\t\t<\/div>\n\t\t\t\t<\/div>\n\t\t<div class=\"elementor-element elementor-element-99f920a animated-slow e-flex e-con-boxed elementor-invisible e-con e-parent\" data-id=\"99f920a\" data-element_type=\"container\" data-settings=\"{&quot;animation&quot;:&quot;fadeInLeft&quot;}\">\n\t\t\t\t\t<div class=\"e-con-inner\">\n\t\t\t\t<div class=\"elementor-element elementor-element-f2a7415 elementor-widget__width-inherit elementor-widget elementor-widget-text-editor\" data-id=\"f2a7415\" data-element_type=\"widget\" data-widget_type=\"text-editor.default\">\n\t\t\t\t\t\t\t\t\t<h4><strong>DataC\u0153ur Research Team, ETHICS Laboratory \u2013 EA 7446<\/strong><\/h4><h4> <\/h4><p>Coordinated by Sylvestre Mar\u00e9chaux,<\/p>\t\t\t\t\t\t\t\t<\/div>\n\t\t\t\t\t<\/div>\n\t\t\t\t<\/div>\n\t\t<div class=\"elementor-element elementor-element-ed2dab4 e-grid e-con-boxed e-con e-parent\" data-id=\"ed2dab4\" data-element_type=\"container\">\n\t\t\t\t\t<div class=\"e-con-inner\">\n\t\t\t\t\t<\/div>\n\t\t\t\t<\/div>\n\t\t<div class=\"elementor-element elementor-element-dfdbe7f e-flex e-con-boxed e-con e-parent\" data-id=\"dfdbe7f\" data-element_type=\"container\">\n\t\t\t\t\t<div class=\"e-con-inner\">\n\t\t\t\t<div class=\"elementor-element elementor-element-d9d4598 elementor-widget elementor-widget-text-editor\" data-id=\"d9d4598\" data-element_type=\"widget\" data-widget_type=\"text-editor.default\">\n\t\t\t\t\t\t\t\t\t<p>The researchers at DataC\u0153ur have recognized expertise in the field of cardiovascular diseases.<\/p><p>DataC\u0153ur was born from the desire to bring together researchers from complementary backgrounds around innovative and pragmatic research.<\/p><p>Our common ambition: to advance medical knowledge<br>to optimize patient care and quality of life.<\/p><p data-start=\"539\" data-end=\"763\"><span style=\"font-style: inherit; font-weight: inherit;\"> <\/span><\/p>\t\t\t\t\t\t\t\t<\/div>\n\t\t\t\t<div class=\"elementor-element elementor-element-486064b elementor-widget elementor-widget-image\" data-id=\"486064b\" data-element_type=\"widget\" data-widget_type=\"image.default\">\n\t\t\t\t\t\t\t\t\t\t\t\t\t\t\t<img decoding=\"async\" width=\"1\" height=\"1\" src=\"https:\/\/data-coeur.com\/wp-content\/uploads\/2025\/10\/53_20250916_HECQUET_OJ-Christophe.jpg\" class=\"attachment-large size-large wp-image-2548\" alt=\"\" \/>\t\t\t\t\t\t\t\t\t\t\t\t\t\t\t<\/div>\n\t\t\t\t<div class=\"elementor-element elementor-element-4e2c4b2 elementor-button-info elementor-align-center elementor-widget elementor-widget-button\" data-id=\"4e2c4b2\" data-element_type=\"widget\" data-widget_type=\"button.default\">\n\t\t\t\t\t\t\t\t\t\t<a class=\"elementor-button elementor-button-link elementor-size-sm\" href=\"https:\/\/data-coeur.com\/nous-rejoindre\/\">\n\t\t\t\t\t\t<span class=\"elementor-button-content-wrapper\">\n\t\t\t\t\t\t\t\t\t<span class=\"elementor-button-text\">Join Us<\/span>\n\t\t\t\t\t<\/span>\n\t\t\t\t\t<\/a>\n\t\t\t\t\t\t\t\t<\/div>\n\t\t\t\t\t<\/div>\n\t\t\t\t<\/div>\n\t\t<div class=\"elementor-element elementor-element-5207343 e-flex e-con-boxed e-con e-parent\" data-id=\"5207343\" data-element_type=\"container\">\n\t\t\t\t\t<div class=\"e-con-inner\">\n\t\t<div class=\"elementor-element elementor-element-762cd83 e-con-full e-flex e-con e-child\" data-id=\"762cd83\" data-element_type=\"container\">\n\t\t\t\t<\/div>\n\t\t\t\t\t<\/div>\n\t\t\t\t<\/div>\n\t\t<div class=\"elementor-element elementor-element-1196894 e-con-full e-flex e-con e-parent\" data-id=\"1196894\" data-element_type=\"container\">\n\t\t\t\t<div class=\"elementor-element elementor-element-9ecb941 elementor-widget elementor-widget-heading\" data-id=\"9ecb941\" data-element_type=\"widget\" data-widget_type=\"heading.default\">\n\t\t\t\t\t<h3 class=\"elementor-heading-title elementor-size-default\">Our Research Areas<\/h3>\t\t\t\t<\/div>\n\t\t\t\t<\/div>\n\t\t<div class=\"elementor-element elementor-element-2be1044 e-flex e-con-boxed e-con e-parent\" data-id=\"2be1044\" data-element_type=\"container\">\n\t\t\t\t\t<div class=\"e-con-inner\">\n\t\t<div class=\"elementor-element elementor-element-cc89bd0 e-con-full e-flex e-con e-child\" data-id=\"cc89bd0\" data-element_type=\"container\">\n\t\t\t\t<\/div>\n\t\t<div class=\"elementor-element elementor-element-a15cfa8 e-con-full e-flex e-con e-child\" data-id=\"a15cfa8\" data-element_type=\"container\">\n\t\t\t\t<\/div>\n\t\t\t\t\t<\/div>\n\t\t\t\t<\/div>\n\t\t<a class=\"elementor-element elementor-element-31dfe84 e-grid e-con-full animated-slow elementor-invisible e-con e-parent\" data-id=\"31dfe84\" data-element_type=\"container\" id=\"axe1\" data-settings=\"{&quot;background_background&quot;:&quot;classic&quot;,&quot;background_motion_fx_motion_fx_scrolling&quot;:&quot;yes&quot;,&quot;animation&quot;:&quot;fadeInDown&quot;,&quot;background_motion_fx_devices&quot;:[&quot;desktop&quot;,&quot;tablet&quot;,&quot;mobile&quot;]}\" href=\"#axe2\">\n\t\t\t\t<div class=\"elementor-element elementor-element-537ebf1 elementor-widget__width-inherit elementor-widget elementor-widget-text-editor\" data-id=\"537ebf1\" data-element_type=\"widget\" data-widget_type=\"text-editor.default\">\n\t\t\t\t\t\t\t\t\t<h1>VALVULAR HEART DISEASES <\/h1><h5> <\/h5><p data-start=\"170\" data-end=\"377\">For several years, our team has been actively involved in identifying and assessing criteria derived from multimodal cardiac imaging.<\/p><p data-start=\"170\" data-end=\"377\">(echocardiography, MRI, CT scan, nuclear imaging).<\/p><p data-start=\"379\" data-end=\"533\">Our research focuses on large cohorts of patients with aortic stenosis, mitral regurgitation, or aortic regurgitation.<\/p><p data-start=\"535\" data-end=\"749\">In partnership with internationally renowned centers, we work to refine diagnostic approaches to offer increasingly personalized care tailored to patients&#8217; needs.<\/p>\t\t\t\t\t\t\t\t<\/div>\n\t\t\t\t<\/a>\n\t\t<a class=\"elementor-element elementor-element-3560879 e-grid e-con-full animated-slow elementor-invisible e-con e-parent\" data-id=\"3560879\" data-element_type=\"container\" id=\"axe2\" data-settings=\"{&quot;background_background&quot;:&quot;classic&quot;,&quot;background_motion_fx_motion_fx_scrolling&quot;:&quot;yes&quot;,&quot;animation&quot;:&quot;fadeInDown&quot;,&quot;background_motion_fx_devices&quot;:[&quot;desktop&quot;,&quot;tablet&quot;,&quot;mobile&quot;]}\" href=\"#axe3\">\n\t\t\t\t<div class=\"elementor-element elementor-element-8091e9c elementor-widget__width-inherit elementor-widget elementor-widget-text-editor\" data-id=\"8091e9c\" data-element_type=\"widget\" data-widget_type=\"text-editor.default\">\n\t\t\t\t\t\t\t\t\t<h1>ARRHYTHMIAS AND CARDIAC PACING<\/h1><p data-start=\"163\" data-end=\"256\">The <strong data-start=\"172\" data-end=\"184\">DataC\u0153ur<\/strong> team also conducts innovative research in two major areas:<\/p><ul data-start=\"257\" data-end=\"360\"><li data-start=\"257\" data-end=\"316\"><p data-start=\"259\" data-end=\"316\">the treatment of arrhythmias by cardiac catheterization,<\/p><\/li><li data-start=\"317\" data-end=\"360\"><p data-start=\"319\" data-end=\"360\">physiological cardiac pacing.<\/p><\/li><\/ul><p data-start=\"362\" data-end=\"553\">This work relies on both national multicenter cohorts, the utilization of health databases, and original projects conducted at the local level.<\/p><p data-start=\"555\" data-end=\"658\">Our objective remains constant: to improve the precision and quality of care offered to patients.<\/p>\t\t\t\t\t\t\t\t<\/div>\n\t\t\t\t<\/a>\n\t\t<a class=\"elementor-element elementor-element-f95c16f e-grid e-con-full animated-slow elementor-invisible e-con e-parent\" data-id=\"f95c16f\" data-element_type=\"container\" id=\"axe3\" data-settings=\"{&quot;background_background&quot;:&quot;classic&quot;,&quot;background_motion_fx_motion_fx_scrolling&quot;:&quot;yes&quot;,&quot;animation&quot;:&quot;fadeInDown&quot;,&quot;background_motion_fx_devices&quot;:[&quot;desktop&quot;,&quot;tablet&quot;,&quot;mobile&quot;]}\" href=\"#axe4\">\n\t\t\t\t<div class=\"elementor-element elementor-element-59fa2b7 elementor-widget__width-inherit elementor-widget elementor-widget-text-editor\" data-id=\"59fa2b7\" data-element_type=\"widget\" data-widget_type=\"text-editor.default\">\n\t\t\t\t\t\t\t\t\t<h1>HEART FAILURE AND RESYNCHRONIZATION<\/h1><p data-start=\"181\" data-end=\"349\">For over 15 years, our team has conducted in-depth research on the electrical and mechanical synchronization of the heart in the context of heart failure.<\/p><p data-start=\"351\" data-end=\"470\">Thanks to close collaboration between the echocardiography and electrophysiology laboratories, we have been able to:<\/p><ul data-start=\"471\" data-end=\"665\"><li data-start=\"471\" data-end=\"553\"><p data-start=\"473\" data-end=\"553\">establish the link between electrical activation and mechanical synchronization,<\/p><\/li><li data-start=\"554\" data-end=\"665\"><p data-start=\"556\" data-end=\"665\">improve the selection of patients eligible for cardiac resynchronization therapy by pacemaker.<\/p><\/li><\/ul><p data-start=\"667\" data-end=\"861\">Our echocardiography laboratories, certified by the European Society of Cardiology, attest to our commitment to quality research and excellent teaching.<\/p>\t\t\t\t\t\t\t\t<\/div>\n\t\t\t\t<\/a>\n\t\t<a class=\"elementor-element elementor-element-cacbd9d e-grid e-con-full animated-slow elementor-invisible e-con e-parent\" data-id=\"cacbd9d\" data-element_type=\"container\" id=\"axe4\" data-settings=\"{&quot;background_background&quot;:&quot;classic&quot;,&quot;background_motion_fx_motion_fx_scrolling&quot;:&quot;yes&quot;,&quot;animation&quot;:&quot;fadeInDown&quot;,&quot;background_motion_fx_devices&quot;:[&quot;desktop&quot;,&quot;tablet&quot;,&quot;mobile&quot;]}\" href=\"#axe5\">\n\t\t\t\t<div class=\"elementor-element elementor-element-d4006c1 elementor-widget__width-inherit elementor-widget elementor-widget-text-editor\" data-id=\"d4006c1\" data-element_type=\"widget\" data-widget_type=\"text-editor.default\">\n\t\t\t\t\t\t\t\t\t<h1><strong> RESEARCH IN THE AREA OF NATIONAL DATABASES<\/strong><\/h1><p data-start=\"191\" data-end=\"416\">Randomized blinded clinical trials remain the gold standard for evaluating the efficacy and safety of treatments.<br data-start=\"313\" data-end=\"316\">However, they have certain limitations, particularly in terms of patient representativeness.<\/p><p data-start=\"418\" data-end=\"650\">To overcome these constraints, the <strong data-start=\"458\" data-end=\"470\">DataCoeur<\/strong> team utilizes national health databases by relying on artificial intelligence algorithms, thus allowing access to near-exhaustive data.<\/p><p data-start=\"652\" data-end=\"858\">This work is conducted in collaboration with the <strong data-start=\"706\" data-end=\"723\">INSERM UMS 11<\/strong> team at Paul Brousse Hospital in Paris, the startup <strong data-start=\"771\" data-end=\"784\">Implicity<\/strong>, and the <strong data-start=\"798\" data-end=\"809\">ReDSiam<\/strong> network, on topics related to rhythmology.<\/p>\t\t\t\t\t\t\t\t<\/div>\n\t\t\t\t<\/a>\n\t\t<a class=\"elementor-element elementor-element-3f01b32 e-grid e-con-full animated-slow elementor-invisible e-con e-parent\" data-id=\"3f01b32\" data-element_type=\"container\" id=\"axe5\" data-settings=\"{&quot;background_background&quot;:&quot;classic&quot;,&quot;background_motion_fx_motion_fx_scrolling&quot;:&quot;yes&quot;,&quot;animation&quot;:&quot;fadeInDown&quot;,&quot;background_motion_fx_devices&quot;:[&quot;desktop&quot;,&quot;tablet&quot;,&quot;mobile&quot;]}\" href=\"#axe1\">\n\t\t\t\t<div class=\"elementor-element elementor-element-9fd17db elementor-widget__width-inherit elementor-widget elementor-widget-text-editor\" data-id=\"9fd17db\" data-element_type=\"widget\" id=\"axe1\" data-widget_type=\"text-editor.default\">\n\t\t\t\t\t\t\t\t\t<h1>AMYLOIDOSIS<\/h1><p>Les <strong>amyloses syst\u00e9miques<\/strong> regroupent des maladies de d\u00e9p\u00f4ts prot\u00e9iques mal conform\u00e9s (AL, ATTR, etc.) dont l\u2019<strong>atteinte cardiaque<\/strong> conditionne le pronostic, notamment si le diagnostic tarde.<\/p><p>Despite major diagnostic and therapeutic advances, <strong>significant grey areas<\/strong> persist: early detection, amyloid load dynamics, <strong>prediction of treatment response<\/strong>, and entanglements with valvulopathies.<\/p><p>This is a <strong>rapidly expanding field<\/strong>, at the crossroads of cardiology, hematology, genetics, and advanced imaging, offering <strong>concrete opportunities for translational research<\/strong> and innovative clinical trials. <\/p><p data-start=\"1919\" data-end=\"2086\"> <\/p>\t\t\t\t\t\t\t\t<\/div>\n\t\t\t\t<\/a>\n\t\t<div class=\"elementor-element elementor-element-5f61391 e-flex e-con-boxed e-con e-parent\" data-id=\"5f61391\" data-element_type=\"container\">\n\t\t\t\t\t<div class=\"e-con-inner\">\n\t\t\t\t\t<\/div>\n\t\t\t\t<\/div>\n\t\t\t\t<\/div>\n\t\t","protected":false},"excerpt":{"rendered":"<p>http:\/\/data-coeur.com\/wp-content\/uploads\/2025\/08\/Drone-St-Philibert_court-1.mp4 DataCoeur (Data Arrhythmia Technology and Cardio-vascular Imaging) &nbsp;At the Heart of Innovation DataC\u0153ur Research Team, ETHICS Laboratory \u2013 EA [&hellip;]<\/p>\n","protected":false},"author":1,"featured_media":0,"parent":0,"menu_order":0,"comment_status":"closed","ping_status":"closed","template":"elementor_header_footer","meta":{"_acf_changed":false,"_monsterinsights_skip_tracking":false,"_monsterinsights_sitenote_active":false,"_monsterinsights_sitenote_note":"","_monsterinsights_sitenote_category":0,"site-sidebar-layout":"no-sidebar","site-content-layout":"","ast-site-content-layout":"full-width-container","site-content-style":"default","site-sidebar-style":"boxed","ast-global-header-display":"","ast-banner-title-visibility":"","ast-main-header-display":"","ast-hfb-above-header-display":"","ast-hfb-below-header-display":"","ast-hfb-mobile-header-display":"","site-post-title":"disabled","ast-breadcrumbs-content":"","ast-featured-img":"disabled","footer-sml-layout":"","theme-transparent-header-meta":"","adv-header-id-meta":"","stick-header-meta":"","header-above-stick-meta":"","header-main-stick-meta":"","header-below-stick-meta":"","astra-migrate-meta-layouts":"default","ast-page-background-enabled":"default","ast-page-background-meta":{"desktop":{"background-color":"var(--ast-global-color-5)","background-image":"","background-repeat":"repeat","background-position":"center center","background-size":"auto","background-attachment":"scroll","background-type":"","background-media":"","overlay-type":"","overlay-color":"","overlay-opacity":"","overlay-gradient":""},"tablet":{"background-color":"","background-image":"","background-repeat":"repeat","background-position":"center center","background-size":"auto","background-attachment":"scroll","background-type":"","background-media":"","overlay-type":"","overlay-color":"","overlay-opacity":"","overlay-gradient":""},"mobile":{"background-color":"","background-image":"","background-repeat":"repeat","background-position":"center center","background-size":"auto","background-attachment":"scroll","background-type":"","background-media":"","overlay-type":"","overlay-color":"","overlay-opacity":"","overlay-gradient":""}},"ast-content-background-meta":{"desktop":{"background-color":"var(--ast-global-color-4)","background-image":"","background-repeat":"repeat","background-position":"center center","background-size":"auto","background-attachment":"scroll","background-type":"","background-media":"","overlay-type":"","overlay-color":"","overlay-opacity":"","overlay-gradient":""},"tablet":{"background-color":"var(--ast-global-color-4)","background-image":"","background-repeat":"repeat","background-position":"center center","background-size":"auto","background-attachment":"scroll","background-type":"","background-media":"","overlay-type":"","overlay-color":"","overlay-opacity":"","overlay-gradient":""},"mobile":{"background-color":"var(--ast-global-color-4)","background-image":"","background-repeat":"repeat","background-position":"center center","background-size":"auto","background-attachment":"scroll","background-type":"","background-media":"","overlay-type":"","overlay-color":"","overlay-opacity":"","overlay-gradient":""}},"footnotes":""},"class_list":["post-1314","page","type-page","status-publish","hentry"],"acf":[],"aioseo_notices":[],"_links":{"self":[{"href":"https:\/\/data-coeur.com\/en\/wp-json\/wp\/v2\/pages\/1314","targetHints":{"allow":["GET"]}}],"collection":[{"href":"https:\/\/data-coeur.com\/en\/wp-json\/wp\/v2\/pages"}],"about":[{"href":"https:\/\/data-coeur.com\/en\/wp-json\/wp\/v2\/types\/page"}],"author":[{"embeddable":true,"href":"https:\/\/data-coeur.com\/en\/wp-json\/wp\/v2\/users\/1"}],"replies":[{"embeddable":true,"href":"https:\/\/data-coeur.com\/en\/wp-json\/wp\/v2\/comments?post=1314"}],"version-history":[{"count":19,"href":"https:\/\/data-coeur.com\/en\/wp-json\/wp\/v2\/pages\/1314\/revisions"}],"predecessor-version":[{"id":3137,"href":"https:\/\/data-coeur.com\/en\/wp-json\/wp\/v2\/pages\/1314\/revisions\/3137"}],"wp:attachment":[{"href":"https:\/\/data-coeur.com\/en\/wp-json\/wp\/v2\/media?parent=1314"}],"curies":[{"name":"wp","href":"https:\/\/api.w.org\/{rel}","templated":true}]}}